{"id":28866,"date":"2024-02-20T08:53:55","date_gmt":"2024-02-20T07:53:55","guid":{"rendered":"https:\/\/4731wbgkbh.preview.infomaniak.website\/home-2\/"},"modified":"2024-03-04T08:53:35","modified_gmt":"2024-03-04T07:53:35","slug":"home-2","status":"publish","type":"page","link":"https:\/\/engineersday.csd.ch\/de\/","title":{"rendered":"Engineers&rsquo; Day 2024"},"content":{"rendered":"<div data-elementor-type=\"wp-page\" data-elementor-id=\"28866\" class=\"elementor elementor-28866\">\n\t\t\t\t<div class=\"elementor-element elementor-element-d5cfde3 e-flex e-con-boxed e-con e-parent\" data-id=\"d5cfde3\" data-element_type=\"container\" data-settings=\"{&quot;background_background&quot;:&quot;classic&quot;}\">\n\t\t\t\t\t<div class=\"e-con-inner\">\n\t\t\t\t<div class=\"elementor-element elementor-element-c6e4faf elementor-widget__width-initial elementor-widget elementor-widget-heading\" data-id=\"c6e4faf\" data-element_type=\"widget\" data-widget_type=\"heading.default\">\n\t\t\t\t<div class=\"elementor-widget-container\">\n\t\t\t\t\t<h2 class=\"elementor-heading-title elementor-size-default\">Engineers' Day: Teilnehmen und Hotelaufenthalt in Lenzerheide gewinnen!<br><\/h2>\t\t\t\t<\/div>\n\t\t\t\t<\/div>\n\t\t\t\t\t<\/div>\n\t\t\t\t<\/div>\n\t\t<div class=\"elementor-element elementor-element-76b52626 e-con-full e-flex e-con e-parent\" data-id=\"76b52626\" data-element_type=\"container\">\n\t\t\t\t<div class=\"elementor-element elementor-element-ccbb979 elementor-widget elementor-widget-heading\" data-id=\"ccbb979\" data-element_type=\"widget\" data-widget_type=\"heading.default\">\n\t\t\t\t<div class=\"elementor-widget-container\">\n\t\t\t\t\t<h5 class=\"elementor-heading-title elementor-size-default\">Am 4.3. ist Engineers\u2019 Day! Heute feiern wir weltweit die Leistungen unseres Berufs f\u00fcr die Gestaltung unserer Lebenswelt und unserer Umwelt. Mit Verantwortung, Mut, Leidenschaft und Effizienz leisten wir unseren Beitrag, um unsere Gesellschaft durch fundierte L\u00f6sungen und exzellente Arbeit in eine sichere und lebenswerte Zukunft zu f\u00fchren.\n\nGleichzeitig wollen wir auch ein \u00f6ffentliches Bewusstsein f\u00fcr die Bedeutung schaffen, die unser Beruf gerade in der heutigen Zeit hat. Wir wollen hervorragende Errungenschaften sichtbar machen, wir wollen Menschen dazu ermutigen, sich mit unserem Beruf auseinanderzusetzen, und wir wollen auch den Nachwuchs f\u00f6rdern.<\/h5>\t\t\t\t<\/div>\n\t\t\t\t<\/div>\n\t\t\t\t<div class=\"elementor-element elementor-element-12bfeb9 elementor-widget elementor-widget-image-gallery\" data-id=\"12bfeb9\" data-element_type=\"widget\" data-widget_type=\"image-gallery.default\">\n\t\t\t\t<div class=\"elementor-widget-container\">\n\t\t\t\t\t\t\t<div class=\"elementor-image-gallery\">\n\t\t\t\n\t\t<style type=\"text\/css\">\n\t\t\t#gallery-1 {\n\t\t\t\tmargin: auto;\n\t\t\t}\n\t\t\t#gallery-1 .gallery-item {\n\t\t\t\tfloat: left;\n\t\t\t\tmargin-top: 10px;\n\t\t\t\ttext-align: center;\n\t\t\t\twidth: 25%;\n\t\t\t}\n\t\t\t#gallery-1 img {\n\t\t\t\tborder: 2px solid #cfcfcf;\n\t\t\t}\n\t\t\t#gallery-1 .gallery-caption {\n\t\t\t\tmargin-left: 0;\n\t\t\t}\n\t\t\t\/* see gallery_shortcode() in wp-includes\/media.php *\/\n\t\t<\/style>\n\t\t<div id='gallery-1' class='gallery galleryid-28866 gallery-columns-4 gallery-size-medium'><dl class='gallery-item'>\n\t\t\t<dt class='gallery-icon landscape'>\n\t\t\t\t<a data-elementor-open-lightbox=\"yes\" data-elementor-lightbox-slideshow=\"12bfeb9\" data-elementor-lightbox-title=\"1-bamo\" data-e-action-hash=\"#elementor-action%3Aaction%3Dlightbox%26settings%3DeyJpZCI6Mjg5MzAsInVybCI6Imh0dHBzOlwvXC9lbmdpbmVlcnNkYXkuY3NkLmNoXC93cC1jb250ZW50XC91cGxvYWRzXC8yMDI0XC8wMlwvMS1iYW1vLmpwZyIsInNsaWRlc2hvdyI6IjEyYmZlYjkifQ%3D%3D\" href='https:\/\/engineersday.csd.ch\/wp-content\/uploads\/2024\/02\/1-bamo.jpg'><img fetchpriority=\"high\" decoding=\"async\" width=\"300\" height=\"225\" src=\"https:\/\/engineersday.csd.ch\/wp-content\/uploads\/2024\/02\/1-bamo-300x225.jpg\" class=\"attachment-medium size-medium\" alt=\"\" srcset=\"https:\/\/engineersday.csd.ch\/wp-content\/uploads\/2024\/02\/1-bamo-300x225.jpg 300w, https:\/\/engineersday.csd.ch\/wp-content\/uploads\/2024\/02\/1-bamo-16x12.jpg 16w, https:\/\/engineersday.csd.ch\/wp-content\/uploads\/2024\/02\/1-bamo.jpg 400w\" sizes=\"(max-width: 300px) 100vw, 300px\" \/><\/a>\n\t\t\t<\/dt><\/dl><dl class='gallery-item'>\n\t\t\t<dt class='gallery-icon landscape'>\n\t\t\t\t<a data-elementor-open-lightbox=\"yes\" data-elementor-lightbox-slideshow=\"12bfeb9\" data-elementor-lightbox-title=\"2-tunnel-construction\" data-e-action-hash=\"#elementor-action%3Aaction%3Dlightbox%26settings%3DeyJpZCI6Mjg5MjksInVybCI6Imh0dHBzOlwvXC9lbmdpbmVlcnNkYXkuY3NkLmNoXC93cC1jb250ZW50XC91cGxvYWRzXC8yMDI0XC8wMlwvMi10dW5uZWwtY29uc3RydWN0aW9uLmpwZyIsInNsaWRlc2hvdyI6IjEyYmZlYjkifQ%3D%3D\" href='https:\/\/engineersday.csd.ch\/wp-content\/uploads\/2024\/02\/2-tunnel-construction.jpg'><img decoding=\"async\" width=\"300\" height=\"225\" src=\"https:\/\/engineersday.csd.ch\/wp-content\/uploads\/2024\/02\/2-tunnel-construction-300x225.jpg\" class=\"attachment-medium size-medium\" alt=\"\" srcset=\"https:\/\/engineersday.csd.ch\/wp-content\/uploads\/2024\/02\/2-tunnel-construction-300x225.jpg 300w, https:\/\/engineersday.csd.ch\/wp-content\/uploads\/2024\/02\/2-tunnel-construction-16x12.jpg 16w, https:\/\/engineersday.csd.ch\/wp-content\/uploads\/2024\/02\/2-tunnel-construction.jpg 400w\" sizes=\"(max-width: 300px) 100vw, 300px\" \/><\/a>\n\t\t\t<\/dt><\/dl><dl class='gallery-item'>\n\t\t\t<dt class='gallery-icon landscape'>\n\t\t\t\t<a data-elementor-open-lightbox=\"yes\" data-elementor-lightbox-slideshow=\"12bfeb9\" data-elementor-lightbox-title=\"3-theodolith\" data-e-action-hash=\"#elementor-action%3Aaction%3Dlightbox%26settings%3DeyJpZCI6Mjg5MjgsInVybCI6Imh0dHBzOlwvXC9lbmdpbmVlcnNkYXkuY3NkLmNoXC93cC1jb250ZW50XC91cGxvYWRzXC8yMDI0XC8wMlwvMy10aGVvZG9saXRoLmpwZyIsInNsaWRlc2hvdyI6IjEyYmZlYjkifQ%3D%3D\" href='https:\/\/engineersday.csd.ch\/wp-content\/uploads\/2024\/02\/3-theodolith.jpg'><img decoding=\"async\" width=\"300\" height=\"225\" src=\"https:\/\/engineersday.csd.ch\/wp-content\/uploads\/2024\/02\/3-theodolith-300x225.jpg\" class=\"attachment-medium size-medium\" alt=\"\" srcset=\"https:\/\/engineersday.csd.ch\/wp-content\/uploads\/2024\/02\/3-theodolith-300x225.jpg 300w, https:\/\/engineersday.csd.ch\/wp-content\/uploads\/2024\/02\/3-theodolith-16x12.jpg 16w, https:\/\/engineersday.csd.ch\/wp-content\/uploads\/2024\/02\/3-theodolith.jpg 400w\" sizes=\"(max-width: 300px) 100vw, 300px\" \/><\/a>\n\t\t\t<\/dt><\/dl><dl class='gallery-item'>\n\t\t\t<dt class='gallery-icon landscape'>\n\t\t\t\t<a data-elementor-open-lightbox=\"yes\" data-elementor-lightbox-slideshow=\"12bfeb9\" data-elementor-lightbox-title=\"4-green-idea\" data-e-action-hash=\"#elementor-action%3Aaction%3Dlightbox%26settings%3DeyJpZCI6Mjg5MjcsInVybCI6Imh0dHBzOlwvXC9lbmdpbmVlcnNkYXkuY3NkLmNoXC93cC1jb250ZW50XC91cGxvYWRzXC8yMDI0XC8wMlwvNC1ncmVlbi1pZGVhLmpwZyIsInNsaWRlc2hvdyI6IjEyYmZlYjkifQ%3D%3D\" href='https:\/\/engineersday.csd.ch\/wp-content\/uploads\/2024\/02\/4-green-idea.jpg'><img loading=\"lazy\" decoding=\"async\" width=\"300\" height=\"225\" src=\"https:\/\/engineersday.csd.ch\/wp-content\/uploads\/2024\/02\/4-green-idea-300x225.jpg\" class=\"attachment-medium size-medium\" alt=\"\" srcset=\"https:\/\/engineersday.csd.ch\/wp-content\/uploads\/2024\/02\/4-green-idea-300x225.jpg 300w, https:\/\/engineersday.csd.ch\/wp-content\/uploads\/2024\/02\/4-green-idea-16x12.jpg 16w, https:\/\/engineersday.csd.ch\/wp-content\/uploads\/2024\/02\/4-green-idea.jpg 400w\" sizes=\"auto, (max-width: 300px) 100vw, 300px\" \/><\/a>\n\t\t\t<\/dt><\/dl><br style=\"clear: both\" \/>\n\t\t<\/div>\n\t\t<\/div>\n\t\t\t\t\t\t<\/div>\n\t\t\t\t<\/div>\n\t\t<div class=\"elementor-element elementor-element-b2d7dbe e-con-full e-flex e-con e-child\" data-id=\"b2d7dbe\" data-element_type=\"container\">\n\t\t\t\t<div class=\"elementor-element elementor-element-08eef72 elementor-widget elementor-widget-heading\" data-id=\"08eef72\" data-element_type=\"widget\" data-widget_type=\"heading.default\">\n\t\t\t\t<div class=\"elementor-widget-container\">\n\t\t\t\t\t<h4 class=\"elementor-heading-title elementor-size-default\">Ein Beruf mit und f\u00fcr die Zukunft<\/h4>\t\t\t\t<\/div>\n\t\t\t\t<\/div>\n\t\t\t\t<\/div>\n\t\t\t\t<div class=\"elementor-element elementor-element-24b3495 elementor-widget elementor-widget-text-editor\" data-id=\"24b3495\" data-element_type=\"widget\" data-widget_type=\"text-editor.default\">\n\t\t\t\t<div class=\"elementor-widget-container\">\n\t\t\t\t\t\t\t\t\t<p>Deswegen gehen Ingenieurinnen und Ingenieure heute zusammen mit suisse.ing, der Schweizerischen Vereinigung beratender Ingenieursunternehmen, in Schulklassen, um einen Einblick in ihren Alltag zu vermitteln \u2013 ein erf\u00fcllender und sinnstiftender Alltag, in dem Kreativit\u00e4t, Engagement und Begeisterung zu tragf\u00e4higen L\u00f6sungen f\u00fcr die Zukunft f\u00fchren.<\/p><p><a href=\"https:\/\/www.engineersday.ch\/\" target=\"_blank\" rel=\"noopener\">Hier<\/a> erfahren Sie mehr \u00fcber die Aktionen des heutigen Tages.<\/p><p>Nicht immer sind diese L\u00f6sungen und Wissen \u00fcber unseren Beruf im Bewusstsein der \u00d6ffentlichkeit verankert. Wussten Sie zum Beispiel,<\/p>\t\t\t\t\t\t\t\t<\/div>\n\t\t\t\t<\/div>\n\t\t\t\t<div class=\"elementor-element elementor-element-a357877 elementor-widget elementor-widget-text-editor\" data-id=\"a357877\" data-element_type=\"widget\" data-widget_type=\"text-editor.default\">\n\t\t\t\t<div class=\"elementor-widget-container\">\n\t\t\t\t\t\t\t\t\t<ul><li>... wie sich die Nachfrage nach Ingenieur:innen in der Schweiz entwickelt?<\/li><li>... was einer der bekanntesten Science-Fiction-Autoren \u00fcber unseren Beruf zu sagen hat?<\/li><li>... welche Erfindung, die die Welt ver\u00e4nderte, einem Schweizer Ingenieur zu verdanken ist, der mit seinem Hund im Jura spazieren ging?<\/li><\/ul>\t\t\t\t\t\t\t\t<\/div>\n\t\t\t\t<\/div>\n\t\t\t\t<div class=\"elementor-element elementor-element-be6cf53 elementor-widget elementor-widget-heading\" data-id=\"be6cf53\" data-element_type=\"widget\" data-widget_type=\"heading.default\">\n\t\t\t\t<div class=\"elementor-widget-container\">\n\t\t\t\t\t<h4 class=\"elementor-heading-title elementor-size-default\">Nehmen Sie an unserem Quiz teil!<\/h4>\t\t\t\t<\/div>\n\t\t\t\t<\/div>\n\t\t\t\t<div class=\"elementor-element elementor-element-242df72 elementor-widget elementor-widget-text-editor\" data-id=\"242df72\" data-element_type=\"widget\" data-widget_type=\"text-editor.default\">\n\t\t\t\t<div class=\"elementor-widget-container\">\n\t\t\t\t\t\t\t\t\t<p>Die Antworten (und auch einige weitere Fragen) finden Sie in unserem Quiz \u2013 nehmen Sie teil und lassen Sie sich \u00fcberraschen! Mit vier von sechs richtig beantworteten Fragen und etwas Gl\u00fcck k\u00f6nnen Sie einen <strong>Gutschein im Wert von 680.- CHF<\/strong> f\u00fcr einen Aufenthalt im Hotel Seehof in Lenzerheide (GR) gewinnen!<\/p>\t\t\t\t\t\t\t\t<\/div>\n\t\t\t\t<\/div>\n\t\t\t\t<div class=\"elementor-element elementor-element-33e86e03 elementor-align-center elementor-widget__width-inherit elementor-invisible elementor-widget elementor-widget-button\" data-id=\"33e86e03\" data-element_type=\"widget\" data-settings=\"{&quot;_animation&quot;:&quot;fadeInDown&quot;}\" data-widget_type=\"button.default\">\n\t\t\t\t<div class=\"elementor-widget-container\">\n\t\t\t\t\t\t\t\t\t<div class=\"elementor-button-wrapper\">\n\t\t\t\t\t<a class=\"elementor-button elementor-button-link elementor-size-sm\" href=\"https:\/\/de.surveymonkey.com\/r\/RT73TLK\" target=\"_blank\">\n\t\t\t\t\t\t<span class=\"elementor-button-content-wrapper\">\n\t\t\t\t\t\t\t\t\t<span class=\"elementor-button-text\">Link zum Quiz<\/span>\n\t\t\t\t\t<\/span>\n\t\t\t\t\t<\/a>\n\t\t\t\t<\/div>\n\t\t\t\t\t\t\t\t<\/div>\n\t\t\t\t<\/div>\n\t\t\t\t<div class=\"elementor-element elementor-element-ddd8118 elementor-widget elementor-widget-text-editor\" data-id=\"ddd8118\" data-element_type=\"widget\" data-widget_type=\"text-editor.default\">\n\t\t\t\t<div class=\"elementor-widget-container\">\n\t\t\t\t\t\t\t\t\t<p><a href=\"https:\/\/www.csd.ch\/fr\/\" target=\"_blank\" rel=\"noopener\">www.csd.ch<\/a><\/p>\t\t\t\t\t\t\t\t<\/div>\n\t\t\t\t<\/div>\n\t\t\t\t<div class=\"elementor-element elementor-element-17f99f8 elementor-widget elementor-widget-image\" data-id=\"17f99f8\" data-element_type=\"widget\" data-widget_type=\"image.default\">\n\t\t\t\t<div class=\"elementor-widget-container\">\n\t\t\t\t\t\t\t\t\t\t\t\t\t\t\t<img loading=\"lazy\" decoding=\"async\" width=\"941\" height=\"545\" src=\"https:\/\/engineersday.csd.ch\/wp-content\/uploads\/2024\/02\/hotel-seehof-lenzerheide.jpg\" class=\"attachment-large size-large wp-image-28951\" alt=\"\" srcset=\"https:\/\/engineersday.csd.ch\/wp-content\/uploads\/2024\/02\/hotel-seehof-lenzerheide.jpg 941w, https:\/\/engineersday.csd.ch\/wp-content\/uploads\/2024\/02\/hotel-seehof-lenzerheide-300x174.jpg 300w, https:\/\/engineersday.csd.ch\/wp-content\/uploads\/2024\/02\/hotel-seehof-lenzerheide-768x445.jpg 768w, https:\/\/engineersday.csd.ch\/wp-content\/uploads\/2024\/02\/hotel-seehof-lenzerheide-18x10.jpg 18w\" sizes=\"auto, (max-width: 941px) 100vw, 941px\" \/>\t\t\t\t\t\t\t\t\t\t\t\t\t\t\t<\/div>\n\t\t\t\t<\/div>\n\t\t\t\t<div class=\"elementor-element elementor-element-ecbbb56 elementor-widget elementor-widget-text-editor\" data-id=\"ecbbb56\" data-element_type=\"widget\" data-widget_type=\"text-editor.default\">\n\t\t\t\t<div class=\"elementor-widget-container\">\n\t\t\t\t\t\t\t\t\t<p>Das Hote Seehof in Lenzerheide (Copyright: <a href=\"https:\/\/seehof-valbella.ch\/sommer\/\" target=\"_blank\" rel=\"noopener\">seehof-valbella.ch<\/a>)<\/p>\t\t\t\t\t\t\t\t<\/div>\n\t\t\t\t<\/div>\n\t\t\t\t<div class=\"elementor-element elementor-element-1431867 elementor-widget-divider--view-line elementor-widget elementor-widget-divider\" data-id=\"1431867\" data-element_type=\"widget\" data-widget_type=\"divider.default\">\n\t\t\t\t<div class=\"elementor-widget-container\">\n\t\t\t\t\t\t\t<div class=\"elementor-divider\">\n\t\t\t<span class=\"elementor-divider-separator\">\n\t\t\t\t\t\t<\/span>\n\t\t<\/div>\n\t\t\t\t\t\t<\/div>\n\t\t\t\t<\/div>\n\t\t<div class=\"elementor-element elementor-element-0df85b1 e-flex e-con-boxed e-con e-child\" data-id=\"0df85b1\" data-element_type=\"container\">\n\t\t\t\t\t<div class=\"e-con-inner\">\n\t\t\t\t<div class=\"elementor-element elementor-element-b7c533c elementor-widget elementor-widget-text-editor\" data-id=\"b7c533c\" data-element_type=\"widget\" data-widget_type=\"text-editor.default\">\n\t\t\t\t<div class=\"elementor-widget-container\">\n\t\t\t\t\t\t\t\t\t<p>Teilnahmebedingungen<\/p>\t\t\t\t\t\t\t\t<\/div>\n\t\t\t\t<\/div>\n\t\t\t\t<div class=\"elementor-element elementor-element-c14eb2e elementor-widget elementor-widget-text-editor\" data-id=\"c14eb2e\" data-element_type=\"widget\" data-widget_type=\"text-editor.default\">\n\t\t\t\t<div class=\"elementor-widget-container\">\n\t\t\t\t\t\t\t\t\t<p>Den Link zum Quiz finden Sie ab dem 4.3. auf dieser Seite. Teilnahmeschluss ist der 25.3. Nach Teilnahmeschluss eingehende Einsendungen werden bei der Auslosung nicht ber\u00fccksichtigt. Pro Teilnehmer nimmt nur eine \u00fcbermittelte Anmeldung am Gewinnspiel teil.\u00a0<\/p><p>Die Teilnahme am Gewinnspiel ist kostenlos und richtet sich ausschliesslich nach diesen Teilnahmebedingungen. Teilnahmeberechtigt sind nat\u00fcrliche Personen, die Ihren Wohnsitz in der Schweiz und das 18. Lebensjahr vollendet haben.\u00a0<\/p><p>Es ist nur eine Teilnahme pro Person m\u00f6glich.<\/p><p>Nicht teilnahmeberechtigt am Gewinnspiel sind alle Mitarbeitenden der CSD Holding SA sowie ihre Familienmitglieder.<\/p><p>Nach Einsendeschluss wird unter allen Einsendungen mit den richtigen Antworten eine ausgelost und die betreffende Person per E-Mail \u00fcber den Gewinn informiert. Der Versand des Gutscheins erfolgt per Post. Ein Umtausch, eine Selbstabholung sowie eine Barauszahlung des Gewinns sind nicht m\u00f6glich.<\/p><p>Erfolgt keine R\u00fcckmeldung innerhalb von drei Wochen, so wird der Gewinn erneut verlost. Wir behalten uns ausdr\u00fccklich vor, das Gewinnspiel ohne vorherige Ank\u00fcndigung und ohne Mitteilung von Gr\u00fcnden zu beenden.<\/p><p>Datenschutz<\/p><p>F\u00fcr die Teilnahme am Gewinnspiel ist die Angabe von pers\u00f6nlichen Daten notwendig. Der Teilnehmer versichert, dass die von ihm gemachten Angaben zur Person, insbesondere Vor-, Nachname und Emailadresse wahrheitsgem\u00e4ss und richtig sind.<\/p><p>Personenbezogene Daten (E-Mail und, im Falle eines Gewinns, Postanschrift) werden ausschliesslich f\u00fcr die Zwecke der Durchf\u00fchrung des Gewinnspiels verwendet.<\/p><p>Der Rechtsweg ist ausgeschlossen.<\/p>\t\t\t\t\t\t\t\t<\/div>\n\t\t\t\t<\/div>\n\t\t\t\t\t<\/div>\n\t\t\t\t<\/div>\n\t\t\t\t<\/div>\n\t\t\t\t<\/div>","protected":false},"excerpt":{"rendered":"<p>Engineers&rsquo; Day : Participez et gagnez un s\u00e9jour \u00e0 Lenzerheide ! Le 4 mars, c&rsquo;est l&rsquo;Engineers&rsquo; Day ! Aujourd&rsquo;hui, nous c\u00e9l\u00e9brons dans le monde entier les prestations que notre profession fournit pour fa\u00e7onner notre cadre de vie et notre environnement. Il faut de la responsabilit\u00e9, du courage, de la passion et de l&rsquo;efficacit\u00e9 pour contribuer [&hellip;]<\/p>","protected":false},"author":2,"featured_media":0,"parent":0,"menu_order":0,"comment_status":"closed","ping_status":"closed","template":"elementor_header_footer","meta":{"_et_pb_use_builder":"","_et_pb_old_content":"","_et_gb_content_width":"","footnotes":""},"class_list":["post-28866","page","type-page","status-publish","hentry"],"jetpack_sharing_enabled":true,"_links":{"self":[{"href":"https:\/\/engineersday.csd.ch\/de\/wp-json\/wp\/v2\/pages\/28866","targetHints":{"allow":["GET"]}}],"collection":[{"href":"https:\/\/engineersday.csd.ch\/de\/wp-json\/wp\/v2\/pages"}],"about":[{"href":"https:\/\/engineersday.csd.ch\/de\/wp-json\/wp\/v2\/types\/page"}],"author":[{"embeddable":true,"href":"https:\/\/engineersday.csd.ch\/de\/wp-json\/wp\/v2\/users\/2"}],"replies":[{"embeddable":true,"href":"https:\/\/engineersday.csd.ch\/de\/wp-json\/wp\/v2\/comments?post=28866"}],"version-history":[{"count":98,"href":"https:\/\/engineersday.csd.ch\/de\/wp-json\/wp\/v2\/pages\/28866\/revisions"}],"predecessor-version":[{"id":29026,"href":"https:\/\/engineersday.csd.ch\/de\/wp-json\/wp\/v2\/pages\/28866\/revisions\/29026"}],"wp:attachment":[{"href":"https:\/\/engineersday.csd.ch\/de\/wp-json\/wp\/v2\/media?parent=28866"}],"curies":[{"name":"wp","href":"https:\/\/api.w.org\/{rel}","templated":true}]}}